{"id":2909,"date":"2023-01-26T11:58:27","date_gmt":"2023-01-26T10:58:27","guid":{"rendered":"https:\/\/harmonieartetresoi.fr\/?page_id=2909"},"modified":"2023-09-15T13:27:23","modified_gmt":"2023-09-15T12:27:23","slug":"elementor-2909","status":"publish","type":"page","link":"https:\/\/harmonieartetresoi.fr\/?page_id=2909","title":{"rendered":"Musicoth\u00e9rapie par le chant"},"content":{"rendered":"\t\t<div data-elementor-type=\"wp-post\" data-elementor-id=\"2909\" class=\"elementor elementor-2909\" data-elementor-post-type=\"page\">\n\t\t\t\t\t\t\t\t\t<section class=\"elementor-section elementor-top-section elementor-element elementor-element-56a65b8b elementor-section-boxed elementor-section-height-default elementor-section-height-default\" data-id=\"56a65b8b\" data-element_type=\"section\" data-settings=\"{&quot;jet_parallax_layout_list&quot;:[]}\">\n\t\t\t\t\t\t<div class=\"elementor-container elementor-column-gap-default\">\n\t\t\t\t\t<div class=\"elementor-column elementor-col-100 elementor-top-column elementor-element elementor-element-3c400b27\" data-id=\"3c400b27\" data-element_type=\"column\">\n\t\t\t<div class=\"elementor-widget-wrap elementor-element-populated\">\n\t\t\t\t\t\t\t\t<div class=\"elementor-element elementor-element-59b391a6 elementor-align-center elementor-widget elementor-widget-button\" data-id=\"59b391a6\" data-element_type=\"widget\" data-widget_type=\"button.default\">\n\t\t\t\t<div class=\"elementor-widget-container\">\n\t\t\t\t\t<div class=\"elementor-button-wrapper\">\n\t\t\t<a class=\"elementor-button elementor-button-link elementor-size-sm\" href=\"https:\/\/harmonieartetresoi.fr\/?page_id=2908\">\n\t\t\t\t\t\t<span class=\"elementor-button-content-wrapper\">\n\t\t\t\t\t\t<span class=\"elementor-button-text\">Consulte les autres services<\/span>\n\t\t<\/span>\n\t\t\t\t\t<\/a>\n\t\t<\/div>\n\t\t\t\t<\/div>\n\t\t\t\t<\/div>\n\t\t\t\t<div class=\"elementor-element elementor-element-553da8ba elementor-widget elementor-widget-theme-post-featured-image elementor-widget-image\" data-id=\"553da8ba\" data-element_type=\"widget\" data-widget_type=\"theme-post-featured-image.default\">\n\t\t\t\t<div class=\"elementor-widget-container\">\n\t\t\t\t\t\t\t\t\t\t\t\t\t\t\t<img fetchpriority=\"high\" decoding=\"async\" width=\"600\" height=\"375\" src=\"https:\/\/harmonieartetresoi.fr\/wp-content\/uploads\/2023\/01\/Musical-Wallpapers_2.jpg\" class=\"attachment-full size-full wp-image-2964\" alt=\"\" srcset=\"https:\/\/harmonieartetresoi.fr\/wp-content\/uploads\/2023\/01\/Musical-Wallpapers_2.jpg 600w, https:\/\/harmonieartetresoi.fr\/wp-content\/uploads\/2023\/01\/Musical-Wallpapers_2-300x188.jpg 300w\" sizes=\"(max-width: 600px) 100vw, 600px\" \/>\t\t\t\t\t\t\t\t\t\t\t\t\t\t\t<\/div>\n\t\t\t\t<\/div>\n\t\t\t\t<div class=\"elementor-element elementor-element-cc1685c elementor-widget elementor-widget-heading\" data-id=\"cc1685c\" data-element_type=\"widget\" data-widget_type=\"heading.default\">\n\t\t\t\t<div class=\"elementor-widget-container\">\n\t\t\t<h2 class=\"elementor-heading-title elementor-size-default\">S\u00e9ances de musicoth\u00e9rapie par le chant vibratoire (2h) - en ligne uniquement<\/h2>\t\t<\/div>\n\t\t\t\t<\/div>\n\t\t\t\t<div class=\"elementor-element elementor-element-b6a6d1f elementor-widget elementor-widget-heading\" data-id=\"b6a6d1f\" data-element_type=\"widget\" data-widget_type=\"heading.default\">\n\t\t\t\t<div class=\"elementor-widget-container\">\n\t\t\t<h4 class=\"elementor-heading-title elementor-size-default\">\"Aucune vie ne ressemble \u00e0 une autre, chacune a sa propre musique...aucune vie n'est plus importante qu'une autre, chaque vie est sacr\u00e9e.\" Michel Jonasz, Abraham<\/h4>\t\t<\/div>\n\t\t\t\t<\/div>\n\t\t\t\t<div class=\"elementor-element elementor-element-23ea979 elementor-widget elementor-widget-text-editor\" data-id=\"23ea979\" data-element_type=\"widget\" data-widget_type=\"text-editor.default\">\n\t\t\t\t<div class=\"elementor-widget-container\">\n\t\t\t\t\t\t\t<p style=\"text-align: left;\">Je vous remercie d\u2019<b data-stringify-type=\"bold\">oser<\/b><b data-stringify-type=\"bold\"> cette reconnexion<\/b>\u00a0<em>a<\/em>vec Votre \u00catre profond,\u00a0<b data-stringify-type=\"bold\">\u00e0 ce qui fait de Vous un \u00catre Unique, Aimant et Vibrant.<\/b><br \/>Accueillir vos parts bless\u00e9es est essentiel, pour \u00ab<b data-stringify-type=\"bold\">\u00a0faire de vos p\u00e9pins vos p\u00e9pites \u00bb, pour les aimer,\u00a0<\/b>les transcender et\u00a0<b data-stringify-type=\"bold\">en faire des tr\u00e9sors \u00e0 offrir au monde<\/b>.<\/p><p style=\"text-align: left;\"><b data-stringify-type=\"bold\">Si vous avez \u00e9t\u00e9 confront\u00e9<\/b>\u00a0<b data-stringify-type=\"bold\">\u00e0 des abus et des maltraitances\u00a0<\/b>ou avez tendance \u00e0 remettre votre pouvoir \u00e0 l\u2019autre par m\u00e9sestime ou par\u00a0<b data-stringify-type=\"bold\">manque de confiance en vous et en votre valeur\u00a0<\/b>ou que vous avez\u00a0<b data-stringify-type=\"bold\">du mal \u00e0 oser votre vuln\u00e9rabilit\u00e9<\/b>, \u00e0 vous exprimer librement, \u00e0 poser des limites, par\u00a0<b data-stringify-type=\"bold\">peur du jugement et du conflit\u2026 alors je suis s\u00fbre de pouvoir vous aider car je l\u2019ai v\u00e9cu et travers\u00e9 aussi.<\/b><\/p><p style=\"text-align: left;\">Les soins en chant vibratoire <b data-stringify-type=\"bold\">sont tr\u00e8s puissants, lib\u00e9rateurs sur tous les plans et d\u2019une justesse incroyable. Gr\u00e2ce \u00e0 ce chemin d\u2019auto-gu\u00e9rison<\/b>\u00a0vers la Souverainet\u00e9 de mon \u00catre,<b data-stringify-type=\"bold\">\u00a0j\u2019ai travers\u00e9 et lib\u00e9r\u00e9 ces blessures d\u2019abus et d\u2019intrusion, de trahison<\/b>\u00a0et bien d\u2019autres encore. Aujourd\u2019hui, je me sens pleinement align\u00e9e, en paix et en harmonie avec moi-m\u00eame\u00a0<b data-stringify-type=\"bold\">et j\u2019aimerais que vous le soyez aussi tellement \u00e7a a chang\u00e9 ma vie.<\/b><\/p><p style=\"text-align: left;\">Je serais honor\u00e9e et en joie de\u00a0<b data-stringify-type=\"bold\">mettre ma Voix Lumi\u00e8re au service de votre \u00c2me<\/b>, dans ce\u00a0<b data-stringify-type=\"bold\">parcours de lib\u00e9rations, profond et doux \u00e0 la fois<\/b>, dans lequel votre engagement est essentiel. A la fin du soin,\u00a0<b data-stringify-type=\"bold\">les personnes se sentent apais\u00e9es et confiantes<\/b>. Elles peuvent vivre des r\u00e9v\u00e9lations majeures dans cet accompagnement. Et pour vous aussi c\u2019est possible ! Vous\u00a0<b data-stringify-type=\"bold\">pourrez exprimer et rayonner la meilleure version de vous-m\u00eame<\/b>.<b data-stringify-type=\"bold\">\u00a0<\/b><\/p><p style=\"text-align: center;\"><strong><u>D\u00e9roulement<\/u> :<\/strong><\/p><p style=\"text-align: center;\"><strong>S\u00e9ance en ligne uniquement<\/strong><\/p><p style=\"text-align: center;\">Un questionnaire \u00e0 remplir, des informations pratiques sur la s\u00e9ance et son d\u00e9roulement\u00a0 te seront envoy\u00e9s d\u00e8s la r\u00e9servation, afin que Tu puisses vivre la s\u00e9ance dans les meilleures dispositions possibles.<\/p><p style=\"text-align: center;\"><strong><u>A qui cela s\u2019adresse<\/u> :<\/strong><\/p><p style=\"text-align: center;\">Adultes (particulier, entreprise), adolescents et enfant \u00e0 partir de 8\u00a0 ans<\/p>\t\t\t\t\t\t<\/div>\n\t\t\t\t<\/div>\n\t\t\t\t<section class=\"elementor-section elementor-inner-section elementor-element elementor-element-0db427f elementor-section-boxed elementor-section-height-default elementor-section-height-default\" data-id=\"0db427f\" data-element_type=\"section\" data-settings=\"{&quot;jet_parallax_layout_list&quot;:[]}\">\n\t\t\t\t\t\t<div class=\"elementor-container elementor-column-gap-default\">\n\t\t\t\t\t<div class=\"elementor-column elementor-col-50 elementor-inner-column elementor-element elementor-element-a105e5a\" data-id=\"a105e5a\" data-element_type=\"column\">\n\t\t\t<div class=\"elementor-widget-wrap elementor-element-populated\">\n\t\t\t\t\t\t\t\t<div class=\"elementor-element elementor-element-cbb895d elementor-align-center elementor-widget elementor-widget-button\" data-id=\"cbb895d\" data-element_type=\"widget\" data-widget_type=\"button.default\">\n\t\t\t\t<div class=\"elementor-widget-container\">\n\t\t\t\t\t<div class=\"elementor-button-wrapper\">\n\t\t\t<a class=\"elementor-button elementor-button-link elementor-size-sm\" href=\"#elementor-action%3Aaction%3Dpopup%3Aopen%26settings%3DeyJpZCI6IjM4NTgiLCJ0b2dnbGUiOmZhbHNlfQ%3D%3D\">\n\t\t\t\t\t\t<span class=\"elementor-button-content-wrapper\">\n\t\t\t\t\t\t<span class=\"elementor-button-text\">R\u00e9serve ta s\u00e9ance<\/span>\n\t\t<\/span>\n\t\t\t\t\t<\/a>\n\t\t<\/div>\n\t\t\t\t<\/div>\n\t\t\t\t<\/div>\n\t\t\t\t\t<\/div>\n\t\t<\/div>\n\t\t\t\t<div class=\"elementor-column elementor-col-50 elementor-inner-column elementor-element elementor-element-eddd47e\" data-id=\"eddd47e\" data-element_type=\"column\">\n\t\t\t<div class=\"elementor-widget-wrap elementor-element-populated\">\n\t\t\t\t\t\t\t\t<div class=\"elementor-element elementor-element-3518344 elementor-align-center elementor-widget elementor-widget-button\" data-id=\"3518344\" data-element_type=\"widget\" data-widget_type=\"button.default\">\n\t\t\t\t<div class=\"elementor-widget-container\">\n\t\t\t\t\t<div class=\"elementor-button-wrapper\">\n\t\t\t<a class=\"elementor-button elementor-button-link elementor-size-sm\" href=\"https:\/\/harmonieartetresoi.fr\/?page_id=2070\">\n\t\t\t\t\t\t<span class=\"elementor-button-content-wrapper\">\n\t\t\t\t\t\t<span class=\"elementor-button-text\">Consulte les tarifs<\/span>\n\t\t<\/span>\n\t\t\t\t\t<\/a>\n\t\t<\/div>\n\t\t\t\t<\/div>\n\t\t\t\t<\/div>\n\t\t\t\t\t<\/div>\n\t\t<\/div>\n\t\t\t\t\t\t\t<\/div>\n\t\t<\/section>\n\t\t\t\t<div class=\"elementor-element elementor-element-8900263 elementor-widget elementor-widget-spacer\" data-id=\"8900263\" data-element_type=\"widget\" data-widget_type=\"spacer.default\">\n\t\t\t\t<div class=\"elementor-widget-container\">\n\t\t\t\t\t<div class=\"elementor-spacer\">\n\t\t\t<div class=\"elementor-spacer-inner\"><\/div>\n\t\t<\/div>\n\t\t\t\t<\/div>\n\t\t\t\t<\/div>\n\t\t\t\t<div class=\"elementor-element elementor-element-7b29cf6 elementor-widget elementor-widget-video\" data-id=\"7b29cf6\" data-element_type=\"widget\" data-settings=\"{&quot;youtube_url&quot;:&quot;https:\\\/\\\/www.youtube.com\\\/watch?v=dlkqFu6nBXU&quot;,&quot;modestbranding&quot;:&quot;yes&quot;,&quot;image_overlay&quot;:{&quot;url&quot;:&quot;https:\\\/\\\/harmonieartetresoi.fr\\\/wp-content\\\/uploads\\\/2022\\\/05\\\/Sandrine-Devaux-4-1.jpg&quot;,&quot;id&quot;:2719,&quot;size&quot;:&quot;&quot;,&quot;alt&quot;:&quot;&quot;,&quot;source&quot;:&quot;library&quot;},&quot;show_image_overlay&quot;:&quot;yes&quot;,&quot;video_type&quot;:&quot;youtube&quot;,&quot;controls&quot;:&quot;yes&quot;}\" data-widget_type=\"video.default\">\n\t\t\t\t<div class=\"elementor-widget-container\">\n\t\t\t\t\t<div class=\"elementor-wrapper elementor-open-inline\">\n\t\t\t<div class=\"elementor-video\"><\/div>\t\t\t\t<div class=\"elementor-custom-embed-image-overlay\" style=\"background-image: url(https:\/\/harmonieartetresoi.fr\/wp-content\/uploads\/2022\/05\/Sandrine-Devaux-4-1-1024x768.jpg);\">\n\t\t\t\t\t\t\t\t\t\t\t\t\t\t\t\t<div class=\"elementor-custom-embed-play\" role=\"button\" aria-label=\"Lire la vid\u00e9o\" tabindex=\"0\">\n\t\t\t\t\t\t\t<i aria-hidden=\"true\" class=\"eicon-play\"><\/i>\t\t\t\t\t\t\t<span class=\"elementor-screen-only\">Lire la vid\u00e9o<\/span>\n\t\t\t\t\t\t<\/div>\n\t\t\t\t\t\t\t\t\t<\/div>\n\t\t\t\t\t<\/div>\n\t\t\t\t<\/div>\n\t\t\t\t<\/div>\n\t\t\t\t\t<\/div>\n\t\t<\/div>\n\t\t\t\t\t\t\t<\/div>\n\t\t<\/section>\n\t\t\t\t\t\t\t<\/div>\n\t\t","protected":false},"excerpt":{"rendered":"<p>Consulte les autres services S\u00e9ances de musicoth\u00e9rapie par le chant vibratoire (2h) &#8211; en ligne uniquement \u00ab\u00a0Aucune vie ne ressemble \u00e0 une autre, chacune a sa propre musique&#8230;aucune vie n&rsquo;est plus importante qu&rsquo;une autre, chaque vie est sacr\u00e9e.\u00a0\u00bb Michel Jonasz, Abraham Je vous remercie d\u2019oser cette reconnexion\u00a0avec Votre \u00catre profond,\u00a0\u00e0 ce qui fait de Vous &hellip;<\/p>\n<p class=\"read-more\"> <a class=\"\" href=\"https:\/\/harmonieartetresoi.fr\/?page_id=2909\"> <span class=\"screen-reader-text\">Musicoth\u00e9rapie par le chant<\/span> Lire la suite\u00a0\u00bb<\/a><\/p>\n","protected":false},"author":9,"featured_media":0,"parent":0,"menu_order":0,"comment_status":"closed","ping_status":"closed","template":"","meta":{"site-sidebar-layout":"no-sidebar","site-content-layout":"page-builder","ast-site-content-layout":"","site-content-style":"default","site-sidebar-style":"default","ast-global-header-display":"","ast-banner-title-visibility":"","ast-main-header-display":"","ast-hfb-above-header-display":"","ast-hfb-below-header-display":"","ast-hfb-mobile-header-display":"","site-post-title":"disabled","ast-breadcrumbs-content":"","ast-featured-img":"disabled","footer-sml-layout":"","theme-transparent-header-meta":"","adv-header-id-meta":"","stick-header-meta":"","header-above-stick-meta":"","header-main-stick-meta":"","header-below-stick-meta":"","astra-migrate-meta-layouts":"default","ast-page-background-enabled":"default","ast-page-background-meta":{"desktop":{"background-color":"","background-image":"","background-repeat":"repeat","background-position":"center center","background-size":"auto","background-attachment":"scroll","background-type":"","background-media":"","overlay-type":"","overlay-color":"","overlay-gradient":""},"tablet":{"background-color":"","background-image":"","background-repeat":"repeat","background-position":"center center","background-size":"auto","background-attachment":"scroll","background-type":"","background-media":"","overlay-type":"","overlay-color":"","overlay-gradient":""},"mobile":{"background-color":"","background-image":"","background-repeat":"repeat","background-position":"center center","background-size":"auto","background-attachment":"scroll","background-type":"","background-media":"","overlay-type":"","overlay-color":"","overlay-gradient":""}},"ast-content-background-meta":{"desktop":{"background-color":"var(--ast-global-color-5)","background-image":"","background-repeat":"repeat","background-position":"center center","background-size":"auto","background-attachment":"scroll","background-type":"","background-media":"","overlay-type":"","overlay-color":"","overlay-gradient":""},"tablet":{"background-color":"var(--ast-global-color-5)","background-image":"","background-repeat":"repeat","background-position":"center center","background-size":"auto","background-attachment":"scroll","background-type":"","background-media":"","overlay-type":"","overlay-color":"","overlay-gradient":""},"mobile":{"background-color":"var(--ast-global-color-5)","background-image":"","background-repeat":"repeat","background-position":"center center","background-size":"auto","background-attachment":"scroll","background-type":"","background-media":"","overlay-type":"","overlay-color":"","overlay-gradient":""}},"footnotes":""},"yoast_head":"<!-- This site is optimized with the Yoast SEO plugin v21.7 - https:\/\/yoast.com\/wordpress\/plugins\/seo\/ -->\n<title>Musicoth\u00e9rapie par le chant - Harmonie : l\u2019Art d\u2019\u00catre Soi<\/title>\n<meta name=\"robots\" content=\"index, follow, max-snippet:-1, max-image-preview:large, max-video-preview:-1\" \/>\n<link rel=\"canonical\" href=\"https:\/\/harmonieartetresoi.fr\/?page_id=2909\" \/>\n<meta property=\"og:locale\" content=\"fr_FR\" \/>\n<meta property=\"og:type\" content=\"article\" \/>\n<meta property=\"og:title\" content=\"Musicoth\u00e9rapie par le chant - Harmonie : l\u2019Art d\u2019\u00catre Soi\" \/>\n<meta property=\"og:description\" content=\"Consulte les autres services S\u00e9ances de musicoth\u00e9rapie par le chant vibratoire (2h) &#8211; en ligne uniquement \u00ab\u00a0Aucune vie ne ressemble \u00e0 une autre, chacune a sa propre musique&#8230;aucune vie n&rsquo;est plus importante qu&rsquo;une autre, chaque vie est sacr\u00e9e.\u00a0\u00bb Michel Jonasz, Abraham Je vous remercie d\u2019oser cette reconnexion\u00a0avec Votre \u00catre profond,\u00a0\u00e0 ce qui fait de Vous &hellip; Musicoth\u00e9rapie par le chant Lire la suite\u00a0\u00bb\" \/>\n<meta property=\"og:url\" content=\"https:\/\/harmonieartetresoi.fr\/?page_id=2909\" \/>\n<meta property=\"og:site_name\" content=\"Harmonie : l\u2019Art d\u2019\u00catre Soi\" \/>\n<meta property=\"article:publisher\" content=\"https:\/\/www.facebook.com\/SandrineDEVAUXCoachBienEtre\" \/>\n<meta property=\"article:modified_time\" content=\"2023-09-15T12:27:23+00:00\" \/>\n<meta name=\"twitter:card\" content=\"summary_large_image\" \/>\n<meta name=\"twitter:label1\" content=\"Dur\u00e9e de lecture estim\u00e9e\" \/>\n\t<meta name=\"twitter:data1\" content=\"3 minutes\" \/>\n<script type=\"application\/ld+json\" class=\"yoast-schema-graph\">{\"@context\":\"https:\/\/schema.org\",\"@graph\":[{\"@type\":\"WebPage\",\"@id\":\"https:\/\/harmonieartetresoi.fr\/?page_id=2909\",\"url\":\"https:\/\/harmonieartetresoi.fr\/?page_id=2909\",\"name\":\"Musicoth\u00e9rapie par le chant - Harmonie : l\u2019Art d\u2019\u00catre Soi\",\"isPartOf\":{\"@id\":\"https:\/\/harmonieartetresoi.fr\/#website\"},\"datePublished\":\"2023-01-26T10:58:27+00:00\",\"dateModified\":\"2023-09-15T12:27:23+00:00\",\"breadcrumb\":{\"@id\":\"https:\/\/harmonieartetresoi.fr\/?page_id=2909#breadcrumb\"},\"inLanguage\":\"fr-FR\",\"potentialAction\":[{\"@type\":\"ReadAction\",\"target\":[\"https:\/\/harmonieartetresoi.fr\/?page_id=2909\"]}]},{\"@type\":\"BreadcrumbList\",\"@id\":\"https:\/\/harmonieartetresoi.fr\/?page_id=2909#breadcrumb\",\"itemListElement\":[{\"@type\":\"ListItem\",\"position\":1,\"name\":\"Home\",\"item\":\"https:\/\/harmonieartetresoi.fr\/\"},{\"@type\":\"ListItem\",\"position\":2,\"name\":\"Musicoth\u00e9rapie par le chant\"}]},{\"@type\":\"WebSite\",\"@id\":\"https:\/\/harmonieartetresoi.fr\/#website\",\"url\":\"https:\/\/harmonieartetresoi.fr\/\",\"name\":\"Harmonie : l\u2019Art d\u2019\u00catre Soi\",\"description\":\"Un site internet cr\u00e9\u00e9 avec Tremplin\",\"potentialAction\":[{\"@type\":\"SearchAction\",\"target\":{\"@type\":\"EntryPoint\",\"urlTemplate\":\"https:\/\/harmonieartetresoi.fr\/?s={search_term_string}\"},\"query-input\":\"required name=search_term_string\"}],\"inLanguage\":\"fr-FR\"}]}<\/script>\n<!-- \/ Yoast SEO plugin. -->","yoast_head_json":{"title":"Musicoth\u00e9rapie par le chant - Harmonie : l\u2019Art d\u2019\u00catre Soi","robots":{"index":"index","follow":"follow","max-snippet":"max-snippet:-1","max-image-preview":"max-image-preview:large","max-video-preview":"max-video-preview:-1"},"canonical":"https:\/\/harmonieartetresoi.fr\/?page_id=2909","og_locale":"fr_FR","og_type":"article","og_title":"Musicoth\u00e9rapie par le chant - Harmonie : l\u2019Art d\u2019\u00catre Soi","og_description":"Consulte les autres services S\u00e9ances de musicoth\u00e9rapie par le chant vibratoire (2h) &#8211; en ligne uniquement \u00ab\u00a0Aucune vie ne ressemble \u00e0 une autre, chacune a sa propre musique&#8230;aucune vie n&rsquo;est plus importante qu&rsquo;une autre, chaque vie est sacr\u00e9e.\u00a0\u00bb Michel Jonasz, Abraham Je vous remercie d\u2019oser cette reconnexion\u00a0avec Votre \u00catre profond,\u00a0\u00e0 ce qui fait de Vous &hellip; Musicoth\u00e9rapie par le chant Lire la suite\u00a0\u00bb","og_url":"https:\/\/harmonieartetresoi.fr\/?page_id=2909","og_site_name":"Harmonie : l\u2019Art d\u2019\u00catre Soi","article_publisher":"https:\/\/www.facebook.com\/SandrineDEVAUXCoachBienEtre","article_modified_time":"2023-09-15T12:27:23+00:00","twitter_card":"summary_large_image","twitter_misc":{"Dur\u00e9e de lecture estim\u00e9e":"3 minutes"},"schema":{"@context":"https:\/\/schema.org","@graph":[{"@type":"WebPage","@id":"https:\/\/harmonieartetresoi.fr\/?page_id=2909","url":"https:\/\/harmonieartetresoi.fr\/?page_id=2909","name":"Musicoth\u00e9rapie par le chant - Harmonie : l\u2019Art d\u2019\u00catre Soi","isPartOf":{"@id":"https:\/\/harmonieartetresoi.fr\/#website"},"datePublished":"2023-01-26T10:58:27+00:00","dateModified":"2023-09-15T12:27:23+00:00","breadcrumb":{"@id":"https:\/\/harmonieartetresoi.fr\/?page_id=2909#breadcrumb"},"inLanguage":"fr-FR","potentialAction":[{"@type":"ReadAction","target":["https:\/\/harmonieartetresoi.fr\/?page_id=2909"]}]},{"@type":"BreadcrumbList","@id":"https:\/\/harmonieartetresoi.fr\/?page_id=2909#breadcrumb","itemListElement":[{"@type":"ListItem","position":1,"name":"Home","item":"https:\/\/harmonieartetresoi.fr\/"},{"@type":"ListItem","position":2,"name":"Musicoth\u00e9rapie par le chant"}]},{"@type":"WebSite","@id":"https:\/\/harmonieartetresoi.fr\/#website","url":"https:\/\/harmonieartetresoi.fr\/","name":"Harmonie : l\u2019Art d\u2019\u00catre Soi","description":"Un site internet cr\u00e9\u00e9 avec Tremplin","potentialAction":[{"@type":"SearchAction","target":{"@type":"EntryPoint","urlTemplate":"https:\/\/harmonieartetresoi.fr\/?s={search_term_string}"},"query-input":"required name=search_term_string"}],"inLanguage":"fr-FR"}]}},"_links":{"self":[{"href":"https:\/\/harmonieartetresoi.fr\/index.php?rest_route=\/wp\/v2\/pages\/2909"}],"collection":[{"href":"https:\/\/harmonieartetresoi.fr\/index.php?rest_route=\/wp\/v2\/pages"}],"about":[{"href":"https:\/\/harmonieartetresoi.fr\/index.php?rest_route=\/wp\/v2\/types\/page"}],"author":[{"embeddable":true,"href":"https:\/\/harmonieartetresoi.fr\/index.php?rest_route=\/wp\/v2\/users\/9"}],"replies":[{"embeddable":true,"href":"https:\/\/harmonieartetresoi.fr\/index.php?rest_route=%2Fwp%2Fv2%2Fcomments&post=2909"}],"version-history":[{"count":0,"href":"https:\/\/harmonieartetresoi.fr\/index.php?rest_route=\/wp\/v2\/pages\/2909\/revisions"}],"wp:attachment":[{"href":"https:\/\/harmonieartetresoi.fr\/index.php?rest_route=%2Fwp%2Fv2%2Fmedia&parent=2909"}],"curies":[{"name":"wp","href":"https:\/\/api.w.org\/{rel}","templated":true}]}}